{"id":113209,"date":"2020-04-03T15:40:06","date_gmt":"2020-04-03T13:40:06","guid":{"rendered":"https:\/\/www.yves-rocher-fondation.org\/?page_id=113209"},"modified":"2020-04-03T15:51:33","modified_gmt":"2020-04-03T13:51:33","slug":"test","status":"publish","type":"page","link":"https:\/\/www.yves-rocher-fondation.org\/en\/test\/","title":{"rendered":"test"},"content":{"rendered":"\t\t<div data-elementor-type=\"wp-post\" data-elementor-id=\"113209\" class=\"elementor elementor-113209 elementor-bc-flex-widget\">\n\t\t\t\t\t\t<section class=\"elementor-section elementor-top-section elementor-element elementor-element-165b307 elementor-section-boxed elementor-section-height-default elementor-section-height-default\" data-id=\"165b307\" data-element_type=\"section\">\n\t\t\t\t\t\t<div class=\"elementor-container elementor-column-gap-default\">\n\t\t\t\t\t<div class=\"elementor-column elementor-col-100 elementor-top-column elementor-element elementor-element-097781b\" data-id=\"097781b\" data-element_type=\"column\">\n\t\t\t<div class=\"elementor-widget-wrap elementor-element-populated\">\n\t\t\t\t\t\t<div class=\"elementor-element elementor-element-bd94794 elementor-widget elementor-widget-heading\" data-id=\"bd94794\" data-element_type=\"widget\" data-widget_type=\"heading.default\">\n\t\t\t\t<div class=\"elementor-widget-container\">\n\t\t\t<h2 class=\"elementor-heading-title elementor-size-default\">Add Your Heading Text Here 2 test admin<\/h2>\t\t<\/div>\n\t\t\t\t<\/div>\n\t\t\t\t\t<\/div>\n\t\t<\/div>\n\t\t\t\t\t<\/div>\n\t\t<\/section>\n\t\t\t\t<section class=\"elementor-section elementor-top-section elementor-element elementor-element-15d195d elementor-section-boxed elementor-section-height-default elementor-section-height-default\" data-id=\"15d195d\" data-element_type=\"section\">\n\t\t\t\t\t\t<div class=\"elementor-container elementor-column-gap-default\">\n\t\t\t\t\t<div class=\"elementor-column elementor-col-100 elementor-top-column elementor-element elementor-element-42ec31d\" data-id=\"42ec31d\" data-element_type=\"column\">\n\t\t\t<div class=\"elementor-widget-wrap elementor-element-populated\">\n\t\t\t\t\t\t<div class=\"elementor-element elementor-element-b7e015c elementor-widget elementor-widget-image\" data-id=\"b7e015c\" data-element_type=\"widget\" data-widget_type=\"image.default\">\n\t\t\t\t<div class=\"elementor-widget-container\">\n\t\t\t\t\t\t\t\t\t\t\t\t\t<img fetchpriority=\"high\" decoding=\"async\" width=\"1200\" height=\"674\" src=\"https:\/\/www.yves-rocher-fondation.org\/wp-content\/uploads\/2020\/02\/Image-vedette-1-an-de\u0301ja\u0300....png\" class=\"attachment-large size-large wp-image-112878\" alt=\"\" srcset=\"https:\/\/www.yves-rocher-fondation.org\/wp-content\/uploads\/2020\/02\/Image-vedette-1-an-de\u0301ja\u0300....png 1434w, https:\/\/www.yves-rocher-fondation.org\/wp-content\/uploads\/2020\/02\/Image-vedette-1-an-de\u0301ja\u0300...-500x281.png 500w, https:\/\/www.yves-rocher-fondation.org\/wp-content\/uploads\/2020\/02\/Image-vedette-1-an-de\u0301ja\u0300...-770x433.png 770w, https:\/\/www.yves-rocher-fondation.org\/wp-content\/uploads\/2020\/02\/Image-vedette-1-an-de\u0301ja\u0300...-293x165.png 293w, https:\/\/www.yves-rocher-fondation.org\/wp-content\/uploads\/2020\/02\/Image-vedette-1-an-de\u0301ja\u0300...-1400x787.png 1400w\" sizes=\"(max-width: 1200px) 100vw, 1200px\" \/>\t\t\t\t\t\t\t\t\t\t\t\t\t<\/div>\n\t\t\t\t<\/div>\n\t\t\t\t\t<\/div>\n\t\t<\/div>\n\t\t\t\t\t<\/div>\n\t\t<\/section>\n\t\t\t\t<\/div>\n\t\t","protected":false},"excerpt":{"rendered":"<p>Add Your Heading Text Here 2 test admin<\/p>\n","protected":false},"author":1,"featured_media":0,"parent":0,"menu_order":0,"comment_status":"closed","ping_status":"closed","template":"","meta":{"footnotes":""},"categories":[],"class_list":["post-113209","page","type-page","status-publish","hentry"],"yoast_head":"<!-- This site is optimized with the Yoast SEO plugin v26.1.1 - https:\/\/yoast.com\/wordpress\/plugins\/seo\/ -->\n<title>test - Fondation Yves Rocher -113209<\/title>\n<meta name=\"description\" content=\"test , Reconnue d\u2019utilit\u00e9 publique, la Fondation Yves Rocher agit pour la biodiversit\u00e9. D\u00e9couvrez l\u2019engagement de la Fondation et ses programmes phares. Fondation Yves Rocher 113209\" \/>\n<meta name=\"robots\" content=\"index, follow, max-snippet:-1, max-image-preview:large, max-video-preview:-1\" \/>\n<link rel=\"canonical\" href=\"https:\/\/www.yves-rocher-fondation.org\/en\/test\/\" \/>\n<meta property=\"og:locale\" content=\"en_US\" \/>\n<meta property=\"og:type\" content=\"article\" \/>\n<meta property=\"og:title\" content=\"test - Fondation Yves Rocher -113209\" \/>\n<meta property=\"og:description\" content=\"test , Reconnue d\u2019utilit\u00e9 publique, la Fondation Yves Rocher agit pour la biodiversit\u00e9. D\u00e9couvrez l\u2019engagement de la Fondation et ses programmes phares. Fondation Yves Rocher 113209\" \/>\n<meta property=\"og:url\" content=\"https:\/\/www.yves-rocher-fondation.org\/en\/test\/\" \/>\n<meta property=\"og:site_name\" content=\"Fondation Yves Rocher\" \/>\n<meta property=\"article:modified_time\" content=\"2020-04-03T13:51:33+00:00\" \/>\n<meta name=\"twitter:card\" content=\"summary_large_image\" \/>\n<script type=\"application\/ld+json\" class=\"yoast-schema-graph\">{\"@context\":\"https:\/\/schema.org\",\"@graph\":[{\"@type\":\"WebPage\",\"@id\":\"https:\/\/www.yves-rocher-fondation.org\/en\/test\/\",\"url\":\"https:\/\/www.yves-rocher-fondation.org\/en\/test\/\",\"name\":\"test - Fondation Yves Rocher -113209\",\"isPartOf\":{\"@id\":\"https:\/\/www.yves-rocher-fondation.org\/en\/#website\"},\"datePublished\":\"2020-04-03T13:40:06+00:00\",\"dateModified\":\"2020-04-03T13:51:33+00:00\",\"description\":\"test , Reconnue d\u2019utilit\u00e9 publique, la Fondation Yves Rocher agit pour la biodiversit\u00e9. D\u00e9couvrez l\u2019engagement de la Fondation et ses programmes phares. Fondation Yves Rocher 113209\",\"breadcrumb\":{\"@id\":\"https:\/\/www.yves-rocher-fondation.org\/en\/test\/#breadcrumb\"},\"inLanguage\":\"en-US\",\"potentialAction\":[{\"@type\":\"ReadAction\",\"target\":[\"https:\/\/www.yves-rocher-fondation.org\/en\/test\/\"]}]},{\"@type\":\"BreadcrumbList\",\"@id\":\"https:\/\/www.yves-rocher-fondation.org\/en\/test\/#breadcrumb\",\"itemListElement\":[{\"@type\":\"ListItem\",\"position\":1,\"name\":\"Home\",\"item\":\"https:\/\/www.yves-rocher-fondation.org\/en\/home-page-english\/\"},{\"@type\":\"ListItem\",\"position\":2,\"name\":\"test\"}]},{\"@type\":\"WebSite\",\"@id\":\"https:\/\/www.yves-rocher-fondation.org\/en\/#website\",\"url\":\"https:\/\/www.yves-rocher-fondation.org\/en\/\",\"name\":\"Fondation Yves Rocher\",\"description\":\"Fondation Yves Rocher\",\"potentialAction\":[{\"@type\":\"SearchAction\",\"target\":{\"@type\":\"EntryPoint\",\"urlTemplate\":\"https:\/\/www.yves-rocher-fondation.org\/en\/?s={search_term_string}\"},\"query-input\":{\"@type\":\"PropertyValueSpecification\",\"valueRequired\":true,\"valueName\":\"search_term_string\"}}],\"inLanguage\":\"en-US\"}]}<\/script>\n<!-- \/ Yoast SEO plugin. -->","yoast_head_json":{"title":"test - Fondation Yves Rocher -113209","description":"test , Reconnue d\u2019utilit\u00e9 publique, la Fondation Yves Rocher agit pour la biodiversit\u00e9. D\u00e9couvrez l\u2019engagement de la Fondation et ses programmes phares. Fondation Yves Rocher 113209","robots":{"index":"index","follow":"follow","max-snippet":"max-snippet:-1","max-image-preview":"max-image-preview:large","max-video-preview":"max-video-preview:-1"},"canonical":"https:\/\/www.yves-rocher-fondation.org\/en\/test\/","og_locale":"en_US","og_type":"article","og_title":"test - Fondation Yves Rocher -113209","og_description":"test , Reconnue d\u2019utilit\u00e9 publique, la Fondation Yves Rocher agit pour la biodiversit\u00e9. D\u00e9couvrez l\u2019engagement de la Fondation et ses programmes phares. Fondation Yves Rocher 113209","og_url":"https:\/\/www.yves-rocher-fondation.org\/en\/test\/","og_site_name":"Fondation Yves Rocher","article_modified_time":"2020-04-03T13:51:33+00:00","twitter_card":"summary_large_image","schema":{"@context":"https:\/\/schema.org","@graph":[{"@type":"WebPage","@id":"https:\/\/www.yves-rocher-fondation.org\/en\/test\/","url":"https:\/\/www.yves-rocher-fondation.org\/en\/test\/","name":"test - Fondation Yves Rocher -113209","isPartOf":{"@id":"https:\/\/www.yves-rocher-fondation.org\/en\/#website"},"datePublished":"2020-04-03T13:40:06+00:00","dateModified":"2020-04-03T13:51:33+00:00","description":"test , Reconnue d\u2019utilit\u00e9 publique, la Fondation Yves Rocher agit pour la biodiversit\u00e9. D\u00e9couvrez l\u2019engagement de la Fondation et ses programmes phares. Fondation Yves Rocher 113209","breadcrumb":{"@id":"https:\/\/www.yves-rocher-fondation.org\/en\/test\/#breadcrumb"},"inLanguage":"en-US","potentialAction":[{"@type":"ReadAction","target":["https:\/\/www.yves-rocher-fondation.org\/en\/test\/"]}]},{"@type":"BreadcrumbList","@id":"https:\/\/www.yves-rocher-fondation.org\/en\/test\/#breadcrumb","itemListElement":[{"@type":"ListItem","position":1,"name":"Home","item":"https:\/\/www.yves-rocher-fondation.org\/en\/home-page-english\/"},{"@type":"ListItem","position":2,"name":"test"}]},{"@type":"WebSite","@id":"https:\/\/www.yves-rocher-fondation.org\/en\/#website","url":"https:\/\/www.yves-rocher-fondation.org\/en\/","name":"Fondation Yves Rocher","description":"Fondation Yves Rocher","potentialAction":[{"@type":"SearchAction","target":{"@type":"EntryPoint","urlTemplate":"https:\/\/www.yves-rocher-fondation.org\/en\/?s={search_term_string}"},"query-input":{"@type":"PropertyValueSpecification","valueRequired":true,"valueName":"search_term_string"}}],"inLanguage":"en-US"}]}},"_links":{"self":[{"href":"https:\/\/www.yves-rocher-fondation.org\/en\/wp-json\/wp\/v2\/pages\/113209","targetHints":{"allow":["GET"]}}],"collection":[{"href":"https:\/\/www.yves-rocher-fondation.org\/en\/wp-json\/wp\/v2\/pages"}],"about":[{"href":"https:\/\/www.yves-rocher-fondation.org\/en\/wp-json\/wp\/v2\/types\/page"}],"author":[{"embeddable":true,"href":"https:\/\/www.yves-rocher-fondation.org\/en\/wp-json\/wp\/v2\/users\/1"}],"replies":[{"embeddable":true,"href":"https:\/\/www.yves-rocher-fondation.org\/en\/wp-json\/wp\/v2\/comments?post=113209"}],"version-history":[{"count":5,"href":"https:\/\/www.yves-rocher-fondation.org\/en\/wp-json\/wp\/v2\/pages\/113209\/revisions"}],"predecessor-version":[{"id":113220,"href":"https:\/\/www.yves-rocher-fondation.org\/en\/wp-json\/wp\/v2\/pages\/113209\/revisions\/113220"}],"wp:attachment":[{"href":"https:\/\/www.yves-rocher-fondation.org\/en\/wp-json\/wp\/v2\/media?parent=113209"}],"wp:term":[{"taxonomy":"category","embeddable":true,"href":"https:\/\/www.yves-rocher-fondation.org\/en\/wp-json\/wp\/v2\/categories?post=113209"}],"curies":[{"name":"wp","href":"https:\/\/api.w.org\/{rel}","templated":true}]}}