{"id":110241,"date":"2019-05-02T13:07:26","date_gmt":"2019-05-02T11:07:26","guid":{"rendered":"https:\/\/www.yves-rocher-fondation.org\/notre-histoire-2\/"},"modified":"2025-11-27T09:31:46","modified_gmt":"2025-11-27T08:31:46","slug":"our-story","status":"publish","type":"page","link":"https:\/\/www.yves-rocher-fondation.org\/en\/our-story\/","title":{"rendered":"Our story"},"content":{"rendered":"\t\t<div data-elementor-type=\"wp-post\" data-elementor-id=\"110241\" class=\"elementor elementor-110241 elementor-101959\">\n\t\t\t\t\t\t<section class=\"elementor-section elementor-top-section elementor-element elementor-element-87b2653 elementor-section-boxed elementor-section-height-default elementor-section-height-default\" data-id=\"87b2653\" data-element_type=\"section\">\n\t\t\t\t\t\t<div class=\"elementor-container elementor-column-gap-default\">\n\t\t\t\t\t<div class=\"elementor-column elementor-col-100 elementor-top-column elementor-element elementor-element-95334da\" data-id=\"95334da\" data-element_type=\"column\">\n\t\t\t<div class=\"elementor-widget-wrap elementor-element-populated\">\n\t\t\t\t\t\t<div class=\"elementor-element elementor-element-4381d34 elementor-widget elementor-widget-spacer\" data-id=\"4381d34\" data-element_type=\"widget\" data-widget_type=\"spacer.default\">\n\t\t\t\t<div class=\"elementor-widget-container\">\n\t\t\t\t\t<div class=\"elementor-spacer\">\n\t\t\t<div class=\"elementor-spacer-inner\"><\/div>\n\t\t<\/div>\n\t\t\t\t<\/div>\n\t\t\t\t<\/div>\n\t\t\t\t\t<\/div>\n\t\t<\/div>\n\t\t\t\t\t<\/div>\n\t\t<\/section>\n\t\t\t\t<section class=\"elementor-section elementor-top-section elementor-element elementor-element-620a89ef elementor-section-boxed elementor-section-height-default elementor-section-height-default\" data-id=\"620a89ef\" data-element_type=\"section\">\n\t\t\t\t\t\t<div class=\"elementor-container elementor-column-gap-default\">\n\t\t\t\t\t<div class=\"elementor-column elementor-col-100 elementor-top-column elementor-element elementor-element-297bf38f\" data-id=\"297bf38f\" data-element_type=\"column\">\n\t\t\t<div class=\"elementor-widget-wrap elementor-element-populated\">\n\t\t\t\t\t\t<div class=\"elementor-element elementor-element-44c20263 elementor-widget elementor-widget-text-editor\" data-id=\"44c20263\" data-element_type=\"widget\" data-widget_type=\"text-editor.default\">\n\t\t\t\t<div class=\"elementor-widget-container\">\n\t\t\t\t\t\t\t<p><span style=\"font-size: 18px;\">The Yves Rocher Foundation was born over 25 years ago, inspired by one family\u2019s desire to give the natural world back what it is owed by human beings. From the very start, from its beginnings in the French village of La Gacilly to its global presence today, our vocation has always been to protect biodiversity.<\/span><\/p><div id=\"ritekit-alerts\">\u00a0<\/div>\t\t\t\t\t\t<\/div>\n\t\t\t\t<\/div>\n\t\t\t\t\t<\/div>\n\t\t<\/div>\n\t\t\t\t\t<\/div>\n\t\t<\/section>\n\t\t\t\t<section class=\"elementor-section elementor-top-section elementor-element elementor-element-f465fda elementor-section-boxed elementor-section-height-default elementor-section-height-default\" data-id=\"f465fda\" data-element_type=\"section\">\n\t\t\t\t\t\t<div class=\"elementor-container elementor-column-gap-default\">\n\t\t\t\t\t<div class=\"elementor-column elementor-col-100 elementor-top-column elementor-element elementor-element-0df471e\" data-id=\"0df471e\" data-element_type=\"column\">\n\t\t\t<div class=\"elementor-widget-wrap elementor-element-populated\">\n\t\t\t\t\t\t<div class=\"elementor-element elementor-element-dd92aee elementor-widget-divider--view-line elementor-widget elementor-widget-divider\" data-id=\"dd92aee\" data-element_type=\"widget\" data-widget_type=\"divider.default\">\n\t\t\t\t<div class=\"elementor-widget-container\">\n\t\t\t\t\t<div class=\"elementor-divider\">\n\t\t\t<span class=\"elementor-divider-separator\">\n\t\t\t\t\t\t<\/span>\n\t\t<\/div>\n\t\t\t\t<\/div>\n\t\t\t\t<\/div>\n\t\t\t\t\t<\/div>\n\t\t<\/div>\n\t\t\t\t\t<\/div>\n\t\t<\/section>\n\t\t\t\t<\/div>\n\t\t","protected":false},"excerpt":{"rendered":"<p>The Yves Rocher Foundation was born over 25 years ago, inspired by one family\u2019s desire to give the natural world back what it is owed by human beings. From the very start, from its beginnings in the French village of La Gacilly to its global presence today, our vocation has always been to protect biodiversity.<\/p>\n","protected":false},"author":1,"featured_media":128928,"parent":0,"menu_order":0,"comment_status":"closed","ping_status":"closed","template":"page-histoire.php","meta":{"footnotes":""},"categories":[166],"class_list":["post-110241","page","type-page","status-publish","has-post-thumbnail","hentry","category-the-foundation"],"yoast_head":"<!-- This site is optimized with the Yoast SEO plugin v26.1.1 - https:\/\/yoast.com\/wordpress\/plugins\/seo\/ -->\n<title>Our story - Fondation Yves Rocher -110241<\/title>\n<meta name=\"description\" content=\"Fond\u00e9e par Yves Rocher et son fils Jacques en 1991, la Fondation Yves Rocher a pour mission la protection de la biodiversit\u00e9. D\u00e9couvrez son histoire.\" \/>\n<meta name=\"robots\" content=\"index, follow, max-snippet:-1, max-image-preview:large, max-video-preview:-1\" \/>\n<link rel=\"canonical\" href=\"https:\/\/www.yves-rocher-fondation.org\/en\/our-story\/\" \/>\n<meta property=\"og:locale\" content=\"en_US\" \/>\n<meta property=\"og:type\" content=\"article\" \/>\n<meta property=\"og:title\" content=\"Our story - Fondation Yves Rocher -110241\" \/>\n<meta property=\"og:description\" content=\"Fond\u00e9e par Yves Rocher et son fils Jacques en 1991, la Fondation Yves Rocher a pour mission la protection de la biodiversit\u00e9. D\u00e9couvrez son histoire.\" \/>\n<meta property=\"og:url\" content=\"https:\/\/www.yves-rocher-fondation.org\/en\/our-story\/\" \/>\n<meta property=\"og:site_name\" content=\"Fondation Yves Rocher\" \/>\n<meta property=\"article:modified_time\" content=\"2025-11-27T08:31:46+00:00\" \/>\n<meta property=\"og:image\" content=\"https:\/\/www.yves-rocher-fondation.org\/wp-content\/uploads\/Jacques-Rocher-et-Wangari-Maathai-1_opt-1.jpg\" \/>\n\t<meta property=\"og:image:width\" content=\"999\" \/>\n\t<meta property=\"og:image:height\" content=\"1514\" \/>\n\t<meta property=\"og:image:type\" content=\"image\/jpeg\" \/>\n<meta name=\"twitter:card\" content=\"summary_large_image\" \/>\n<meta name=\"twitter:label1\" content=\"Est. reading time\" \/>\n\t<meta name=\"twitter:data1\" content=\"1 minute\" \/>\n<script type=\"application\/ld+json\" class=\"yoast-schema-graph\">{\"@context\":\"https:\/\/schema.org\",\"@graph\":[{\"@type\":\"WebPage\",\"@id\":\"https:\/\/www.yves-rocher-fondation.org\/en\/our-story\/\",\"url\":\"https:\/\/www.yves-rocher-fondation.org\/en\/our-story\/\",\"name\":\"Our story - Fondation Yves Rocher -110241\",\"isPartOf\":{\"@id\":\"https:\/\/www.yves-rocher-fondation.org\/en\/#website\"},\"primaryImageOfPage\":{\"@id\":\"https:\/\/www.yves-rocher-fondation.org\/en\/our-story\/#primaryimage\"},\"image\":{\"@id\":\"https:\/\/www.yves-rocher-fondation.org\/en\/our-story\/#primaryimage\"},\"thumbnailUrl\":\"https:\/\/www.yves-rocher-fondation.org\/wp-content\/uploads\/Jacques-Rocher-et-Wangari-Maathai-1_opt-1.jpg\",\"datePublished\":\"2019-05-02T11:07:26+00:00\",\"dateModified\":\"2025-11-27T08:31:46+00:00\",\"description\":\"Fond\u00e9e par Yves Rocher et son fils Jacques en 1991, la Fondation Yves Rocher a pour mission la protection de la biodiversit\u00e9. D\u00e9couvrez son histoire.\",\"breadcrumb\":{\"@id\":\"https:\/\/www.yves-rocher-fondation.org\/en\/our-story\/#breadcrumb\"},\"inLanguage\":\"en-US\",\"potentialAction\":[{\"@type\":\"ReadAction\",\"target\":[\"https:\/\/www.yves-rocher-fondation.org\/en\/our-story\/\"]}]},{\"@type\":\"ImageObject\",\"inLanguage\":\"en-US\",\"@id\":\"https:\/\/www.yves-rocher-fondation.org\/en\/our-story\/#primaryimage\",\"url\":\"https:\/\/www.yves-rocher-fondation.org\/wp-content\/uploads\/Jacques-Rocher-et-Wangari-Maathai-1_opt-1.jpg\",\"contentUrl\":\"https:\/\/www.yves-rocher-fondation.org\/wp-content\/uploads\/Jacques-Rocher-et-Wangari-Maathai-1_opt-1.jpg\",\"width\":999,\"height\":1514,\"caption\":\"Jacques Rocher et Wangari Maathai 1 opt (1)\"},{\"@type\":\"BreadcrumbList\",\"@id\":\"https:\/\/www.yves-rocher-fondation.org\/en\/our-story\/#breadcrumb\",\"itemListElement\":[{\"@type\":\"ListItem\",\"position\":1,\"name\":\"Home\",\"item\":\"https:\/\/www.yves-rocher-fondation.org\/en\/home-page-english\/\"},{\"@type\":\"ListItem\",\"position\":2,\"name\":\"Our story\"}]},{\"@type\":\"WebSite\",\"@id\":\"https:\/\/www.yves-rocher-fondation.org\/en\/#website\",\"url\":\"https:\/\/www.yves-rocher-fondation.org\/en\/\",\"name\":\"Fondation Yves Rocher\",\"description\":\"Fondation Yves Rocher\",\"potentialAction\":[{\"@type\":\"SearchAction\",\"target\":{\"@type\":\"EntryPoint\",\"urlTemplate\":\"https:\/\/www.yves-rocher-fondation.org\/en\/?s={search_term_string}\"},\"query-input\":{\"@type\":\"PropertyValueSpecification\",\"valueRequired\":true,\"valueName\":\"search_term_string\"}}],\"inLanguage\":\"en-US\"}]}<\/script>\n<!-- \/ Yoast SEO plugin. -->","yoast_head_json":{"title":"Our story - Fondation Yves Rocher -110241","description":"Fond\u00e9e par Yves Rocher et son fils Jacques en 1991, la Fondation Yves Rocher a pour mission la protection de la biodiversit\u00e9. D\u00e9couvrez son histoire.","robots":{"index":"index","follow":"follow","max-snippet":"max-snippet:-1","max-image-preview":"max-image-preview:large","max-video-preview":"max-video-preview:-1"},"canonical":"https:\/\/www.yves-rocher-fondation.org\/en\/our-story\/","og_locale":"en_US","og_type":"article","og_title":"Our story - Fondation Yves Rocher -110241","og_description":"Fond\u00e9e par Yves Rocher et son fils Jacques en 1991, la Fondation Yves Rocher a pour mission la protection de la biodiversit\u00e9. D\u00e9couvrez son histoire.","og_url":"https:\/\/www.yves-rocher-fondation.org\/en\/our-story\/","og_site_name":"Fondation Yves Rocher","article_modified_time":"2025-11-27T08:31:46+00:00","og_image":[{"width":999,"height":1514,"url":"https:\/\/www.yves-rocher-fondation.org\/wp-content\/uploads\/Jacques-Rocher-et-Wangari-Maathai-1_opt-1.jpg","type":"image\/jpeg"}],"twitter_card":"summary_large_image","twitter_misc":{"Est. reading time":"1 minute"},"schema":{"@context":"https:\/\/schema.org","@graph":[{"@type":"WebPage","@id":"https:\/\/www.yves-rocher-fondation.org\/en\/our-story\/","url":"https:\/\/www.yves-rocher-fondation.org\/en\/our-story\/","name":"Our story - Fondation Yves Rocher -110241","isPartOf":{"@id":"https:\/\/www.yves-rocher-fondation.org\/en\/#website"},"primaryImageOfPage":{"@id":"https:\/\/www.yves-rocher-fondation.org\/en\/our-story\/#primaryimage"},"image":{"@id":"https:\/\/www.yves-rocher-fondation.org\/en\/our-story\/#primaryimage"},"thumbnailUrl":"https:\/\/www.yves-rocher-fondation.org\/wp-content\/uploads\/Jacques-Rocher-et-Wangari-Maathai-1_opt-1.jpg","datePublished":"2019-05-02T11:07:26+00:00","dateModified":"2025-11-27T08:31:46+00:00","description":"Fond\u00e9e par Yves Rocher et son fils Jacques en 1991, la Fondation Yves Rocher a pour mission la protection de la biodiversit\u00e9. D\u00e9couvrez son histoire.","breadcrumb":{"@id":"https:\/\/www.yves-rocher-fondation.org\/en\/our-story\/#breadcrumb"},"inLanguage":"en-US","potentialAction":[{"@type":"ReadAction","target":["https:\/\/www.yves-rocher-fondation.org\/en\/our-story\/"]}]},{"@type":"ImageObject","inLanguage":"en-US","@id":"https:\/\/www.yves-rocher-fondation.org\/en\/our-story\/#primaryimage","url":"https:\/\/www.yves-rocher-fondation.org\/wp-content\/uploads\/Jacques-Rocher-et-Wangari-Maathai-1_opt-1.jpg","contentUrl":"https:\/\/www.yves-rocher-fondation.org\/wp-content\/uploads\/Jacques-Rocher-et-Wangari-Maathai-1_opt-1.jpg","width":999,"height":1514,"caption":"Jacques Rocher et Wangari Maathai 1 opt (1)"},{"@type":"BreadcrumbList","@id":"https:\/\/www.yves-rocher-fondation.org\/en\/our-story\/#breadcrumb","itemListElement":[{"@type":"ListItem","position":1,"name":"Home","item":"https:\/\/www.yves-rocher-fondation.org\/en\/home-page-english\/"},{"@type":"ListItem","position":2,"name":"Our story"}]},{"@type":"WebSite","@id":"https:\/\/www.yves-rocher-fondation.org\/en\/#website","url":"https:\/\/www.yves-rocher-fondation.org\/en\/","name":"Fondation Yves Rocher","description":"Fondation Yves Rocher","potentialAction":[{"@type":"SearchAction","target":{"@type":"EntryPoint","urlTemplate":"https:\/\/www.yves-rocher-fondation.org\/en\/?s={search_term_string}"},"query-input":{"@type":"PropertyValueSpecification","valueRequired":true,"valueName":"search_term_string"}}],"inLanguage":"en-US"}]}},"_links":{"self":[{"href":"https:\/\/www.yves-rocher-fondation.org\/en\/wp-json\/wp\/v2\/pages\/110241","targetHints":{"allow":["GET"]}}],"collection":[{"href":"https:\/\/www.yves-rocher-fondation.org\/en\/wp-json\/wp\/v2\/pages"}],"about":[{"href":"https:\/\/www.yves-rocher-fondation.org\/en\/wp-json\/wp\/v2\/types\/page"}],"author":[{"embeddable":true,"href":"https:\/\/www.yves-rocher-fondation.org\/en\/wp-json\/wp\/v2\/users\/1"}],"replies":[{"embeddable":true,"href":"https:\/\/www.yves-rocher-fondation.org\/en\/wp-json\/wp\/v2\/comments?post=110241"}],"version-history":[{"count":5,"href":"https:\/\/www.yves-rocher-fondation.org\/en\/wp-json\/wp\/v2\/pages\/110241\/revisions"}],"predecessor-version":[{"id":128930,"href":"https:\/\/www.yves-rocher-fondation.org\/en\/wp-json\/wp\/v2\/pages\/110241\/revisions\/128930"}],"wp:featuredmedia":[{"embeddable":true,"href":"https:\/\/www.yves-rocher-fondation.org\/en\/wp-json\/wp\/v2\/media\/128928"}],"wp:attachment":[{"href":"https:\/\/www.yves-rocher-fondation.org\/en\/wp-json\/wp\/v2\/media?parent=110241"}],"wp:term":[{"taxonomy":"category","embeddable":true,"href":"https:\/\/www.yves-rocher-fondation.org\/en\/wp-json\/wp\/v2\/categories?post=110241"}],"curies":[{"name":"wp","href":"https:\/\/api.w.org\/{rel}","templated":true}]}}